{"id":2602,"date":"2021-12-12T15:23:54","date_gmt":"2021-12-12T14:23:54","guid":{"rendered":"http:\/\/mtv-muenchen.de.w01c64c5.kasserver.com\/?page_id=2602"},"modified":"2022-01-11T08:25:25","modified_gmt":"2022-01-11T07:25:25","slug":"sportangebotssuche","status":"publish","type":"page","link":"https:\/\/arv.mtv-muenchen.de\/?page_id=2602","title":{"rendered":"Sportangebotssuche"},"content":{"rendered":"\t\t<div data-elementor-type=\"wp-page\" data-elementor-id=\"2602\" class=\"elementor elementor-2602\" data-elementor-post-type=\"page\">\n\t\t\t\t\t\t<section class=\"elementor-section elementor-top-section elementor-element elementor-element-da82233 elementor-section-boxed elementor-section-height-default elementor-section-height-default\" data-id=\"da82233\" data-element_type=\"section\" data-e-type=\"section\" data-settings=\"{&quot;ekit_has_onepagescroll_dot&quot;:&quot;yes&quot;}\">\n\t\t\t\t\t\t<div class=\"elementor-container elementor-column-gap-default\">\n\t\t\t\t\t<div class=\"elementor-column elementor-col-100 elementor-top-column elementor-element elementor-element-5fe490e\" data-id=\"5fe490e\" data-element_type=\"column\" data-e-type=\"column\">\n\t\t\t<div class=\"elementor-widget-wrap elementor-element-populated\">\n\t\t\t\t\t\t<div class=\"elementor-element elementor-element-a77c1e4 elementor-widget elementor-widget-heading\" data-id=\"a77c1e4\" data-element_type=\"widget\" data-e-type=\"widget\" data-settings=\"{&quot;ekit_we_effect_on&quot;:&quot;none&quot;}\" data-widget_type=\"heading.default\">\n\t\t\t\t<div class=\"elementor-widget-container\">\n\t\t\t\t\t<h2 class=\"elementor-heading-title elementor-size-default\">Sportangebotssuche<\/h2>\t\t\t\t<\/div>\n\t\t\t\t<\/div>\n\t\t\t\t\t<\/div>\n\t\t<\/div>\n\t\t\t\t\t<\/div>\n\t\t<\/section>\n\t\t\t\t<section class=\"elementor-section elementor-top-section elementor-element elementor-element-4f9ef54f elementor-section-boxed elementor-section-height-default elementor-section-height-default\" data-id=\"4f9ef54f\" data-element_type=\"section\" data-e-type=\"section\" data-settings=\"{&quot;ekit_has_onepagescroll_dot&quot;:&quot;yes&quot;}\">\n\t\t\t\t\t\t<div class=\"elementor-container elementor-column-gap-default\">\n\t\t\t\t\t<div class=\"elementor-column elementor-col-100 elementor-top-column elementor-element elementor-element-44c45477\" data-id=\"44c45477\" data-element_type=\"column\" data-e-type=\"column\">\n\t\t\t<div class=\"elementor-widget-wrap elementor-element-populated\">\n\t\t\t\t\t\t<div class=\"elementor-element elementor-element-34d997cc elementor-widget elementor-widget-text-editor\" data-id=\"34d997cc\" data-element_type=\"widget\" data-e-type=\"widget\" data-settings=\"{&quot;ekit_we_effect_on&quot;:&quot;none&quot;}\" data-widget_type=\"text-editor.default\">\n\t\t\t\t<div class=\"elementor-widget-container\">\n\t\t\t\t\t\t\t\t\t&nbsp;\r\n\r\n&nbsp;\r\n\r\n&nbsp;\r\n\r\n<form class=\"wpmp_kurse wpmp_kurse-form wpcf7-form wpmp_kurseform1\"><p>\n\t\t\t<div class=\"wpmp_kurse-form-wrap with-icon \"><select name=\"allekategorien\" class=\"allekategorien form-control \"><option value=\"\" disabled selected>Kategorie<\/option><option value=\"\">Alle<\/option><option>Ballsport<\/option><option>Fitness &#038; Gymnastik<\/option><option>Individualsport<\/option><option>Jedernet_ExternURL<\/option><option>Jedernet_F\u00fcr Nichtmitglieder<\/option><option>Jedernet_Newsletter<\/option><option>Jedernet_Weitere Angebote<\/option><option>Kampfsport<\/option><option>Kursangebote<\/option><option>Outdoor<\/option><option>Passgeber_Blinde Anmeldung<\/option><option>Sportst\u00e4tte_M\u00fcnchner Bank Bootshaus<\/option><option>Sportst\u00e4tte_M\u00fcnchner Bank Sportpark<\/option><option>Sportst\u00e4tte_M\u00fcnchner Bank Sportzentrum<\/option><\/select><\/div> <\/p><p>\n\t\t\t<div class=\"wpmp_kurse-form-wrap with-icon \"><select name=\"sportanlage_name\" class=\"sportanlage_name form-control \"><option value=\"\" disabled selected>Sportst\u00e4tte<\/option><option value=\"\">Alle<\/option><option>BOS Lindwurmstra\u00dfe<\/option><option>Berufsfachschule Ruppertstra\u00dfe<\/option><option>Carl-von-Linde Realschule<\/option><option>Erasmus-Grasser-Gymnasium<\/option><option>Grundschule Stielerstra\u00dfe<\/option><option>Klenze Grundschule<\/option><option>Klenze-Gymnasium<\/option><option>Marieluise-Flei\u00dfer Realschule<\/option><option>Mittelschule Guardinistra\u00dfe<\/option><option>M\u00fcnchner Bank Bootshaus <\/option><option>M\u00fcnchner Bank Sportpark<\/option><option>M\u00fcnchner Bank Sportzentrum<\/option><option>Peslm\u00fcllerschule<\/option><option>Schulzentrum F\u00fcrstenried West<\/option><option>Sporthalle TSV M\u00fcnchen-Solln<\/option><option>Sportst\u00e4tte Ferienprogramm<\/option><option>Sportzentrum Martinsried<\/option><option>St\u00e4dtische Fachoberschule f\u00fcr Gestaltung M\u00fcnchen<\/option><option>Theresa-Gerhardinger-Grundschule<\/option><option>Theresiengymnasium<\/option><option>Tumblingerschule<\/option><option>Werdenfelsschule<\/option><\/select><\/div> <\/p><p>\n\t\t\t<div class=\"wpmp_kurse-form-wrap with-icon \"><select name=\"trainer_name\" class=\"trainer_name form-control \"><option value=\"\" disabled selected>Trainer<\/option><option value=\"\">Alle<\/option><option>Ajla Helvida<\/option><option>Alex Kaltner<\/option><option>Alexander Brandl<\/option><option>Alexander Spivak<\/option><option>Alexandra Breu<\/option><option>Alexandra Okroy<\/option><option>Alexandra Yvonne von Ber\u00fcff<\/option><option>Alexandre Bedrikow<\/option><option>Amir Razizadeh<\/option><option>Andrea Stegmann<\/option><option>Andreas Beer<\/option><option>Andreas Bergmann<\/option><option>Andreas Neuhauser<\/option><option>Andrew Kalokoh<\/option><option>Angela Wichmann<\/option><option>Anke Schaub<\/option><option>Anna Barth<\/option><option>Anna Burghart<\/option><option>Anna Engel-Kreher<\/option><option>Anna Falch<\/option><option>Anna Karches<\/option><option>Anna Sofia L\u00f6wer<\/option><option>Anna Tenge<\/option><option>Anna Ziebell<\/option><option>Annika W\u00f6lfle<\/option><option>Antonia Klein<\/option><option>Antonija Ravlic<\/option><option>Antonio Di Norcia<\/option><option>Arben Osmani<\/option><option>Bea Hull<\/option><option>Benjamin vom Hau<\/option><option>Bernd Preu\u00dfe<\/option><option>Bettina Schumann-Jung<\/option><option>Bianca Pagano<\/option><option>Birgit Boscher<\/option><option>Brigitte Liebhardt<\/option><option>B\u00fclent Ekiz<\/option><option>Carmen Casal<\/option><option>Caroline Kopietz<\/option><option>Cedric Ullrich<\/option><option>Christian Huber<\/option><option>Christian Madl<\/option><option>Christian Nagel<\/option><option>Christian Seidl<\/option><option>Christina Pfaffeneder<\/option><option>Christine Weiand<\/option><option>Christoph B\u00f6ttcher<\/option><option>Christopher Kunth<\/option><option>Ciro Di Norcia<\/option><option>Claire Weemaes<\/option><option>Clarissa Spieler<\/option><option>Claudia Falch<\/option><option>Claudia Perkhoff<\/option><option>Claudia Schalling<\/option><option>Clemens Michalke<\/option><option>Cornelia Haas<\/option><option>Dagmar Tr\u00fcbenbach<\/option><option>Daniel Filipovic<\/option><option>Daniel F\u00fcnder<\/option><option>Daniel Haucke<\/option><option>Daniel Lehrmann<\/option><option>Daniel Lopez Frayle<\/option><option>Daniel Wiedenh\u00f6fer<\/option><option>David Georgi<\/option><option>David St\u00e4blein<\/option><option>Dieter Benders<\/option><option>Dominik Berghammer<\/option><option>Doris Schuck<\/option><option>Efe Eker<\/option><option>Ekaterini Stamoglou<\/option><option>Eliano Tedesqui<\/option><option>Elisabeth Frank<\/option><option>Elisabeth Schweiger<\/option><option>Elke Wirges<\/option><option>Elsbeth B\u00f6sl<\/option><option>Emil Stoll<\/option><option>Emma Sass<\/option><option>Erg\u00fcn Eker<\/option><option>Erika Henger<\/option><option>Eva Keller-Gesing<\/option><option>Fany Gonschorek<\/option><option>Felix Friedrich<\/option><option>Felix Michel<\/option><option>Felix Wiedemann<\/option><option>Florijan Pavek<\/option><option>Frank Daniel Steffen<\/option><option>Frank Schmitter<\/option><option>Franziska Pirker<\/option><option>Franziska Schaller<\/option><option>Gabriel Ivancic<\/option><option>Gaby Schneckenaichner<\/option><option>Gennadi Grusch<\/option><option>Georg Kohl<\/option><option>Georg Zinsbacher<\/option><option>Georgii Abshylava<\/option><option>Gerhard Hacker<\/option><option>Gritt Hofmann<\/option><option>Gustavo Garcia Casal<\/option><option>Gwendolin Liptay<\/option><option>G\u00fcnter Reulein<\/option><option>Hannah Ebner<\/option><option>Hans-Joachim Wolff<\/option><option>Harald van Straaten<\/option><option>Heinz Baierle<\/option><option>Helmut Gruber<\/option><option>Henriette Schuster<\/option><option>Ilja Yankulin<\/option><option>Ingrid Burghardt<\/option><option>Ingrid Jeannot<\/option><option>Irene Zollner<\/option><option>Iryna Khasanova<\/option><option>Isabel Lang<\/option><option>Ivelin Genchev<\/option><option>Jan Fritsche<\/option><option>Jana Neureuther<\/option><option>Jane Johanna Meiforth<\/option><option>Jannick Haak<\/option><option>Jannik Lepper<\/option><option>Jasmin Bellmer<\/option><option>Jasper Heinzmann<\/option><option>Jennifer Selinger<\/option><option>Joachim Wutte<\/option><option>Jochen Haucke<\/option><option>Johannes Rieger<\/option><option>Johannes Schwarz<\/option><option>Jona Reichold<\/option><option>Julian Stier<\/option><option>Justus Olbrich<\/option><option>Kaitlyn Schumann<\/option><option>Karin Ke\u00dfler<\/option><option>Karl Haas<\/option><option>Kate Oberth\u00fcr<\/option><option>Katja Wasserthal<\/option><option>Kea Rath<\/option><option>Korbinian Dietrich<\/option><option>Lara H\u00fcnteler<\/option><option>Laura Beier<\/option><option>Lea H\u00f6llerl<\/option><option>Lena Friedmann<\/option><option>Leni Rixen<\/option><option>Leo Gl\u00fcck<\/option><option>Leopold Mair<\/option><option>Levin Berger<\/option><option>Lilly Reuter<\/option><option>Lisa Bias<\/option><option>Louisa Backhaus<\/option><option>Louise Schliephake<\/option><option>Luca V\u00f6lkel<\/option><option>Luis Ilijevski<\/option><option>Luis R\u00f6dler<\/option><option>Luka Lalicic<\/option><option>Lukas Ahrend<\/option><option>Luna Buchetmann<\/option><option>Lynn Kremer<\/option><option>Maia Willige<\/option><option>Maja Strobelt<\/option><option>Manuel Sonnleitner<\/option><option>Marcel Kost<\/option><option>Mareike Delmer<\/option><option>Marijo Babic<\/option><option>Marijo Knezevic<\/option><option>Marion Ricarda Fiala<\/option><option>Marius Bock<\/option><option>Marko Misic<\/option><option>Markus Eisenrieder<\/option><option>Martin Okroy<\/option><option>Martin Trui<\/option><option>Martin W\u00fcbert<\/option><option>Martina Wayand<\/option><option>Maryna Oksamytna<\/option><option>Mathilda Stockhaus<\/option><option>Mats Winter<\/option><option>Matteo Muskinja<\/option><option>Matthias K\u00fcbler<\/option><option>Matthias Ziegler<\/option><option>Matthieu Bergmann<\/option><option>Michael Brigel<\/option><option>Michael Paul<\/option><option>Michael Schuhmann<\/option><option>Michelle Beretic<\/option><option>Milena Aberl<\/option><option>Munkhjargal Quarcoo<\/option><option>Nadine Pinieck<\/option><option>Natascha Vogel<\/option><option>Naveen Rabelli<\/option><option>Nicole Mika<\/option><option>Nikolaus Bichlmeier<\/option><option>Nina Toy<\/option><option>Omar Kaabiya Makalo<\/option><option>Pablo Catalan<\/option><option>Paul Gr\u00fcnaug<\/option><option>Paul Lewald<\/option><option>Peter Reill<\/option><option>Peter T\u00f6gel<\/option><option>Phuc Pham Minh<\/option><option>Quirin Hahne<\/option><option>Rafael Piernas Lopez<\/option><option>Rainer M\u00fcller<\/option><option>Raphael Baumgartl<\/option><option>Raphael Hei\u00df<\/option><option>Raphael Kastenmeier<\/option><option>Rebecca Henkelmann<\/option><option>Ria Koch<\/option><option>Roland Strobl<\/option><option>Ronald Zellner<\/option><option>Rupert Hurm<\/option><option>Ruth Kohl<\/option><option>Sabrina Rausch<\/option><option>Salvatore Francesco Marsala<\/option><option>Sebastian Diebel<\/option><option>Serdal Zengin<\/option><option>Sibylle Kirsch<\/option><option>Sigrid Franziska Betz<\/option><option>Silvia Janka<\/option><option>Sonja Pfeifer<\/option><option>Sophia Frick<\/option><option>Stefan Beer<\/option><option>Stefan Duscher<\/option><option>Stefanie Hering<\/option><option>Susanne Leitner<\/option><option>Susanne Waldherr<\/option><option>Tarek El Rezgui<\/option><option>Tengyi Shen<\/option><option>Thomas Freisleder<\/option><option>Till Sumper<\/option><option>Tim-Luca Pfeifer<\/option><option>Trainer Mtv<\/option><option>Trainer Prellball<\/option><option>Trainerin Prellball<\/option><option>Trung Khanh Hong<\/option><option>Uta Englisch<\/option><option>Valentino Babic<\/option><option>Van Hoa Pham<\/option><option>Veit Hesse<\/option><option>Veton Zogaj<\/option><option>Wolfgang Schober<\/option><option>Yannik Seldschopf<\/option><option>Yong-Xue Leckebusch<\/option><option>\u00d6zkan Avvuran<\/option><\/select><\/div> <\/p><p>\n\t\t\t<div class=\"wpmp_kurse-form-wrap with-icon \"><select name=\"wpmp_kurse_alter\" class=\"wpmp_kurse_select form-control \"><option value=\"\" disabled selected>Alter<\/option><option value=\"\">Alle<\/option><option>0<\/option><option>1<\/option><option>2<\/option><option>3<\/option><option>4<\/option><option>5<\/option><option>6<\/option><option>7<\/option><option>8<\/option><option>9<\/option><option>10<\/option><option>11<\/option><option>12<\/option><option>13<\/option><option>14<\/option><option>15<\/option><option>16<\/option><option>17<\/option><option>18<\/option><option>19<\/option><option>20<\/option><option>21<\/option><option>22<\/option><option>23<\/option><option>24<\/option><option>25<\/option><option>26<\/option><option>27<\/option><option>28<\/option><option>29<\/option><option>30<\/option><option>31<\/option><option>32<\/option><option>33<\/option><option>34<\/option><option>35<\/option><option>36<\/option><option>37<\/option><option>38<\/option><option>39<\/option><option>40<\/option><option>41<\/option><option>42<\/option><option>43<\/option><option>44<\/option><option>45<\/option><option>46<\/option><option>47<\/option><option>48<\/option><option>49<\/option><option>50<\/option><option>51<\/option><option>52<\/option><option>53<\/option><option>54<\/option><option>55<\/option><option>56<\/option><option>57<\/option><option>58<\/option><option>59<\/option><option>60<\/option><option>61<\/option><option>62<\/option><option>63<\/option><option>64<\/option><option>65<\/option><option>66<\/option><option>67<\/option><option>68<\/option><option>69<\/option><option>70<\/option><option>71<\/option><option>72<\/option><option>73<\/option><option>74<\/option><option>75<\/option><option>76<\/option><option>77<\/option><option>78<\/option><option>79<\/option><option>80<\/option><option>81<\/option><option>82<\/option><option>83<\/option><option>84<\/option><option>85<\/option><option>86<\/option><option>87<\/option><option>88<\/option><option>89<\/option><option>90<\/option><option>91<\/option><option>92<\/option><option>93<\/option><option>94<\/option><option>95<\/option><option>96<\/option><option>97<\/option><option>98<\/option><option>99<\/option><\/select><\/div><\/p><p>\n\t\t\t<div class=\"wpmp_kurse-form-wrap with-icon \"><select name=\"wochentag\" class=\"wpmp_kurse_select form-control \"><option value=\"\" disabled selected>Wochentag<\/option><option value=\"\">Alle<\/option><option>Montag<\/option><option>Dienstag<\/option><option>Mittwoch<\/option><option>Donnerstag<\/option><option>Freitag<\/option><option>Samstag<\/option><option>Sonntag<\/option><\/select><\/div><\/p><p>\n\t\t\t<div class=\"wpmp_kurse-form-wrap with-icon \"><select name=\"wpmp_kurse_zeitraum\" class=\"wpmp_kurse_select form-control \"><option value=\"\" disabled selected>Zeit<\/option><option value=\"\">Alle<\/option><option value=\"00:00\">00:00-03:00<\/option><option value=\"03:00\">03:00-06:00<\/option><option value=\"06:00\">06:00-09:00<\/option><option value=\"09:00\">09:00-12:00<\/option><option value=\"12:00\">12:00-15:00<\/option><option value=\"15:00\">15:00-18:00<\/option><option value=\"18:00\">18:00-21:00<\/option><option value=\"21:00\">21:00-24:00<\/option><\/select><\/div><\/p><input type=\"hidden\" name=\"page_id\" value=\"2602\"><button name=\"Kurse_submit\" class=\"wpmp_kurse-form-button btn btn-primary\" type=\"submit\">Suchen <i class=\"wpmp_kurse-form-buttondot fa fa-chevron-circle-right ml-2\"><\/i><\/button><\/form>\n\n\r\n\r\n.\t\t\t\t\t\t\t\t<\/div>\n\t\t\t\t<\/div>\n\t\t\t\t\t<\/div>\n\t\t<\/div>\n\t\t\t\t\t<\/div>\n\t\t<\/section>\n\t\t\t\t<\/div>\n\t\t","protected":false},"excerpt":{"rendered":"<p>Sportangebotssuche &nbsp; &nbsp; &nbsp; .<\/p>\n","protected":false},"author":1,"featured_media":0,"parent":0,"menu_order":0,"comment_status":"closed","ping_status":"closed","template":"","meta":{"_acf_changed":false,"footnotes":""},"class_list":["post-2602","page","type-page","status-publish","hentry"],"acf":[],"_links":{"self":[{"href":"https:\/\/arv.mtv-muenchen.de\/index.php?rest_route=\/wp\/v2\/pages\/2602","targetHints":{"allow":["GET"]}}],"collection":[{"href":"https:\/\/arv.mtv-muenchen.de\/index.php?rest_route=\/wp\/v2\/pages"}],"about":[{"href":"https:\/\/arv.mtv-muenchen.de\/index.php?rest_route=\/wp\/v2\/types\/page"}],"author":[{"embeddable":true,"href":"https:\/\/arv.mtv-muenchen.de\/index.php?rest_route=\/wp\/v2\/users\/1"}],"replies":[{"embeddable":true,"href":"https:\/\/arv.mtv-muenchen.de\/index.php?rest_route=%2Fwp%2Fv2%2Fcomments&post=2602"}],"version-history":[{"count":10,"href":"https:\/\/arv.mtv-muenchen.de\/index.php?rest_route=\/wp\/v2\/pages\/2602\/revisions"}],"predecessor-version":[{"id":2855,"href":"https:\/\/arv.mtv-muenchen.de\/index.php?rest_route=\/wp\/v2\/pages\/2602\/revisions\/2855"}],"wp:attachment":[{"href":"https:\/\/arv.mtv-muenchen.de\/index.php?rest_route=%2Fwp%2Fv2%2Fmedia&parent=2602"}],"curies":[{"name":"wp","href":"https:\/\/api.w.org\/{rel}","templated":true}]}}