{"id":2606,"date":"2021-12-12T15:32:26","date_gmt":"2021-12-12T14:32:27","guid":{"rendered":"http:\/\/mtv-muenchen.de.w01c64c5.kasserver.com\/?page_id=2606"},"modified":"2022-01-11T08:32:36","modified_gmt":"2022-01-11T07:32:36","slug":"mitgliederlogin","status":"publish","type":"page","link":"https:\/\/arv.mtv-muenchen.de\/?page_id=2606","title":{"rendered":"Mitgliederlogin &#8211; Login"},"content":{"rendered":"\t\t<div data-elementor-type=\"wp-page\" data-elementor-id=\"2606\" class=\"elementor elementor-2606\" data-elementor-post-type=\"page\">\n\t\t\t\t\t\t<section class=\"elementor-section elementor-top-section elementor-element elementor-element-0ea125b elementor-section-boxed elementor-section-height-default elementor-section-height-default\" data-id=\"0ea125b\" data-element_type=\"section\" data-e-type=\"section\" data-settings=\"{&quot;ekit_has_onepagescroll_dot&quot;:&quot;yes&quot;}\">\n\t\t\t\t\t\t<div class=\"elementor-container elementor-column-gap-default\">\n\t\t\t\t\t<div class=\"elementor-column elementor-col-100 elementor-top-column elementor-element elementor-element-da4aff6\" data-id=\"da4aff6\" data-element_type=\"column\" data-e-type=\"column\">\n\t\t\t<div class=\"elementor-widget-wrap elementor-element-populated\">\n\t\t\t\t\t\t<div class=\"elementor-element elementor-element-f226f24 elementor-widget elementor-widget-heading\" data-id=\"f226f24\" data-element_type=\"widget\" data-e-type=\"widget\" data-settings=\"{&quot;ekit_we_effect_on&quot;:&quot;none&quot;}\" data-widget_type=\"heading.default\">\n\t\t\t\t<div class=\"elementor-widget-container\">\n\t\t\t\t\t<h2 class=\"elementor-heading-title elementor-size-default\">Mitgliederbereich<\/h2>\t\t\t\t<\/div>\n\t\t\t\t<\/div>\n\t\t\t\t\t<\/div>\n\t\t<\/div>\n\t\t\t\t\t<\/div>\n\t\t<\/section>\n\t\t\t\t<section class=\"elementor-section elementor-top-section elementor-element elementor-element-540b4959 elementor-section-boxed elementor-section-height-default elementor-section-height-default\" data-id=\"540b4959\" data-element_type=\"section\" data-e-type=\"section\" data-settings=\"{&quot;ekit_has_onepagescroll_dot&quot;:&quot;yes&quot;}\">\n\t\t\t\t\t\t<div class=\"elementor-container elementor-column-gap-default\">\n\t\t\t\t\t<div class=\"elementor-column elementor-col-100 elementor-top-column elementor-element elementor-element-10e1a78\" data-id=\"10e1a78\" data-element_type=\"column\" data-e-type=\"column\">\n\t\t\t<div class=\"elementor-widget-wrap elementor-element-populated\">\n\t\t\t\t\t\t<div class=\"elementor-element elementor-element-39adc1c6 elementor-widget elementor-widget-shortcode\" data-id=\"39adc1c6\" data-element_type=\"widget\" data-e-type=\"widget\" data-settings=\"{&quot;ekit_we_effect_on&quot;:&quot;none&quot;}\" data-widget_type=\"shortcode.default\">\n\t\t\t\t<div class=\"elementor-widget-container\">\n\t\t\t\t\t\t\t<div class=\"elementor-shortcode\"><div id=\"wpmp-arv-mitgliederlogin\"><div id=\"wpmp-arv-mitgliederlogin-notice-anker\"><\/div>\n        <h2>Login<\/h2>\n        <form method=\"post\" action=\"https:\/\/arv.mtv-muenchen.de\/?page_id=2606#wpmp-arv-mitgliederlogin-notice-anker\">\n        <input type=\"hidden\" name=\"action\" value=\"login\"\/>\n        <input type=\"hidden\" id=\"wpmp-arv-mv-mitgliederlogin-login-nonce\" name=\"wpmp-arv-mv-mitgliederlogin-login-nonce\" value=\"96e111f0d9\" \/><input type=\"hidden\" name=\"_wp_http_referer\" value=\"\/index.php?rest_route=%2Fwp%2Fv2%2Fpages%2F2606\" \/>\n\t\n        <table class=\"form-table\" role=\"presentation\">\n        <tbody>\n        <tr class=\"form-field form-required\">\n            <th scope=\"row\"><label for=\"wpmp-arv-mv-mitgliederlogin-email\">E-Mailadresse<span class=\"description\"><\/span><\/label><\/th>\n            <td><input name=\"wpmp-arv-mv-mitgliederlogin-email\" type=\"text\" id=\"wpmp-arv-mv-mitgliederlogin-email\" value=\"\" aria-required=\"true\" autocapitalize=\"none\" autocorrect=\"off\" maxlength=\"255\"><\/td>\n        <\/tr>\n        <tr class=\"form-field form-required\">\n            <th scope=\"row\"><label for=\"wpmp-arv-mv-mitgliederlogin-password\">Passwort<span class=\"description\"><\/span><\/label><\/th>\n            <td><input name=\"wpmp-arv-mv-mitgliederlogin-password\" type=\"password\" id=\"wpmp-arv-mv-mitgliederlogin-password\" value=\"\" aria-required=\"true\" autocapitalize=\"none\" autocorrect=\"off\" maxlength=\"255\"><\/td>\n        <\/tr>\n\t\t<tr>\n\t\t<td><\/td>\n\t\t<td><input type=\"submit\" value=\"Anmelden\"><\/td>\n\t\t<\/tr>\n        <\/table> <\/form>\n        <h2>Registrieren<\/h2>\n\t\t\n        <form method=\"post\" action=\"https:\/\/arv.mtv-muenchen.de\/?page_id=2606#wpmp-arv-mitgliederlogin-notice-anker\">\n        <input type=\"hidden\" name=\"action\" value=\"register\"\/>\n        <input type=\"hidden\" id=\"wpmp-arv-mv-mitgliederlogin-register-nonce\" name=\"wpmp-arv-mv-mitgliederlogin-register-nonce\" value=\"5ad45c0b9a\" \/><input type=\"hidden\" name=\"_wp_http_referer\" value=\"\/index.php?rest_route=%2Fwp%2Fv2%2Fpages%2F2606\" \/>\n\t\n        <table class=\"form-table\" role=\"presentation\">\n        <tbody>\n        <tr class=\"form-field form-required\">\n            <th scope=\"row\"><label for=\"wpmp-arv-mv-mitgliederlogin-email\">E-Mailadresse<br\/> <span class=\"description\">Nutzen Sie bitte die E-Mail-Adresse, mit der sie sich urspr\u00fcnglich beim Verein angemeldet haben!<br\/><br\/>\n\t\t\tAktuell haben wir Zustellungsschwierigkeiten von Best\u00e4tigungsemails an Postf\u00e4cher, insbesondere von googlemail-Account. Solltest Du keine Best\u00e4tigungsmail erhalten, schreib uns bitte an mitgliederverwaltung@mtv-muenchen.de. Vielen Dank! <\/span><\/label><\/th>\n            <td><input name=\"wpmp-arv-mv-mitgliederlogin-email\" type=\"text\" id=\"wpmp-arv-mv-mitgliederlogin-email\" value=\"\" aria-required=\"true\" autocapitalize=\"none\" autocorrect=\"off\" maxlength=\"255\"><\/td>\n        <\/tr>\n        <tr class=\"form-field form-required\">\n            <th scope=\"row\"><label for=\"wpmp-arv-mv-mitgliederlogin-password\">Passwort<span class=\"description\"> (mindestens 8 Zeichen, eine Zahl, ein Gro\u00dfbuchstabe)<\/span><\/label><\/th>\n            <td><input name=\"wpmp-arv-mv-mitgliederlogin-password\" type=\"password\" id=\"wpmp-arv-mv-mitgliederlogin-password\" value=\"\" aria-required=\"true\" autocapitalize=\"none\" autocorrect=\"off\" maxlength=\"255\" pattern=\"(?=.*[0-9])(?=.*[a-z])(?=.*[A-Z])\\S{8,}\"><\/td>\n        <\/tr>\n\t\t\t\t<tr>\n\t\t<td><\/td>\n\t\t<td><input type=\"submit\" value=\"Registrieren\"><\/td>\n\t\t<\/tr>\n        <\/table> \n        <\/form>\n        <h2>Passwort vergessen<\/h2>\n        <form method=\"post\" action=\"https:\/\/arv.mtv-muenchen.de\/?page_id=2606#wpmp-arv-mitgliederlogin-notice-anker\">\n        <input type=\"hidden\" name=\"action\" value=\"lostpassword\"\/>\n        <input type=\"hidden\" id=\"wpmp-arv-mv-mitgliederlogin-lostpassword-nonce\" name=\"wpmp-arv-mv-mitgliederlogin-lostpassword-nonce\" value=\"ff1b96a246\" \/><input type=\"hidden\" name=\"_wp_http_referer\" value=\"\/index.php?rest_route=%2Fwp%2Fv2%2Fpages%2F2606\" \/>\n\t\n        <table class=\"form-table\" role=\"presentation\">\n        <tbody>\n        <tr class=\"form-field form-required\">\n            <th scope=\"row\"><label for=\"wpmp-arv-mv-mitgliederlogin-email-neu\">E-Mailadresse<span class=\"description\"><\/span><\/label><\/th>\n            <td><input name=\"wpmp-arv-mv-mitgliederlogin-email\" type=\"text\" id=\"wpmp-arv-mv-mitgliederlogin-email-neu\" value=\"\" aria-required=\"true\" autocapitalize=\"none\" autocorrect=\"off\" maxlength=\"255\"><\/td>\n        <\/tr>\n\t\t<tr class=\"form-field form-required\">\n            <th scope=\"row\"><label for=\"wpmp-arv-mv-mitgliederlogin-password-neu\">Neues Passwort<span class=\"description\"> (mindestens 8 Zeichen, eine Zahl, ein Gro\u00dfbuchstabe )<\/span><\/label><\/th>\n            <td><input name=\"wpmp-arv-mv-mitgliederlogin-password\" type=\"password\" id=\"wpmp-arv-mv-mitgliederlogin-password-neu\" value=\"\" aria-required=\"true\" autocapitalize=\"none\" autocorrect=\"off\" maxlength=\"255\"  pattern=\"(?=.*[0-9])(?=.*[a-z])(?=.*[A-Z])\\S{8,}\"><\/><\/td>\n        <\/tr>\n\t\t\t\t<tr>\n\t\t<td><\/td>\n\t\t<td>   <input type=\"submit\" value=\"Passwort anfordern\"><\/td>\n\t\t<\/tr>\n        <\/table>\n     \n        <\/form><\/div><\/div>\n\t\t\t\t\t\t<\/div>\n\t\t\t\t<\/div>\n\t\t\t\t\t<\/div>\n\t\t<\/div>\n\t\t\t\t\t<\/div>\n\t\t<\/section>\n\t\t\t\t<\/div>\n\t\t","protected":false},"excerpt":{"rendered":"<p>Mitgliederbereich<\/p>\n","protected":false},"author":1,"featured_media":0,"parent":0,"menu_order":0,"comment_status":"closed","ping_status":"closed","template":"","meta":{"_acf_changed":false,"footnotes":""},"class_list":["post-2606","page","type-page","status-publish","hentry"],"acf":[],"_links":{"self":[{"href":"https:\/\/arv.mtv-muenchen.de\/index.php?rest_route=\/wp\/v2\/pages\/2606","targetHints":{"allow":["GET"]}}],"collection":[{"href":"https:\/\/arv.mtv-muenchen.de\/index.php?rest_route=\/wp\/v2\/pages"}],"about":[{"href":"https:\/\/arv.mtv-muenchen.de\/index.php?rest_route=\/wp\/v2\/types\/page"}],"author":[{"embeddable":true,"href":"https:\/\/arv.mtv-muenchen.de\/index.php?rest_route=\/wp\/v2\/users\/1"}],"replies":[{"embeddable":true,"href":"https:\/\/arv.mtv-muenchen.de\/index.php?rest_route=%2Fwp%2Fv2%2Fcomments&post=2606"}],"version-history":[{"count":11,"href":"https:\/\/arv.mtv-muenchen.de\/index.php?rest_route=\/wp\/v2\/pages\/2606\/revisions"}],"predecessor-version":[{"id":2649,"href":"https:\/\/arv.mtv-muenchen.de\/index.php?rest_route=\/wp\/v2\/pages\/2606\/revisions\/2649"}],"wp:attachment":[{"href":"https:\/\/arv.mtv-muenchen.de\/index.php?rest_route=%2Fwp%2Fv2%2Fmedia&parent=2606"}],"curies":[{"name":"wp","href":"https:\/\/api.w.org\/{rel}","templated":true}]}}